{"id":18,"date":"2025-08-20T14:05:08","date_gmt":"2025-08-20T14:05:08","guid":{"rendered":"https:\/\/blg.az\/?page_id=18"},"modified":"2025-08-26T14:30:30","modified_gmt":"2025-08-26T14:30:30","slug":"home","status":"publish","type":"page","link":"https:\/\/blg.az\/","title":{"rendered":""},"content":{"rendered":"\t\t<div data-elementor-type=\"wp-page\" data-elementor-id=\"18\" class=\"elementor elementor-18\">\n\t\t\t\t<div class=\"elementor-element elementor-element-2cbfa33 e-flex e-con-boxed e-con e-parent\" data-id=\"2cbfa33\" data-element_type=\"container\" data-e-type=\"container\">\n\t\t\t\t\t<div class=\"e-con-inner\">\n\t\t\t\t<div class=\"elementor-element elementor-element-3d62083 elementor-widget elementor-widget-text-editor\" data-id=\"3d62083\" data-element_type=\"widget\" data-e-type=\"widget\" data-widget_type=\"text-editor.default\">\n\t\t\t\t\t\t\t\t\t<section id=\"hero\" style=\"position: relative; width: 100%; min-height: 100vh; background: #fff; display: flex; flex-wrap: wrap; align-items: center; justify-content: space-between; padding: 0 5%; font-family: 'Poppins',sans-serif;\"><div style=\"flex: 1 1 500px; max-width: 600px; margin-bottom: 2rem;\"><h1 style=\"font-size: 3rem; font-weight: 800; color: #222; line-height: 1.2; margin-bottom: 20px;\">G\u00f6z\u00fcn\u00fcz <span style=\"color: #ffd84d;\">Ayd\u0131n<\/span> Olsun!<\/h1><p style=\"font-size: 1.2rem; color: #555; margin-bottom: 30px;\">Building Lighting Group \u2014 Tikinti v\u0259 elektrik materiallar\u0131n\u0131n sat\u0131\u015f\u0131nda keyfiyy\u0259t v\u0259 m\u00fcasir texnologiya.<\/p><p><a style=\"display: inline-block; padding: 14px 32px; background: #FFD84D; color: #222; font-weight: 600; font-size: 1rem; border-radius: 30px; text-decoration: none; box-shadow: 0 6px 20px rgba(255,216,77,0.5); transition: all .3s;\" href=\"#services\"><br \/>F\u0259aliyy\u0259t sah\u0259l\u0259rimiz<br \/><\/a><\/p><\/div><div style=\"flex: 1 1 400px; display: flex; align-items: center; justify-content: center; position: relative;\"><img fetchpriority=\"high\" decoding=\"async\" class=\"alignnone size-medium wp-image-49\" src=\"https:\/\/blg.az\/wp-content\/uploads\/2025\/08\/vintage-yellow-desk-lamp-stylish-home-office-lighting-300x300.png\" alt=\"\" width=\"300\" height=\"300\" srcset=\"https:\/\/blg.az\/wp-content\/uploads\/2025\/08\/vintage-yellow-desk-lamp-stylish-home-office-lighting-300x300.png 300w, https:\/\/blg.az\/wp-content\/uploads\/2025\/08\/vintage-yellow-desk-lamp-stylish-home-office-lighting-1024x1024.png 1024w, https:\/\/blg.az\/wp-content\/uploads\/2025\/08\/vintage-yellow-desk-lamp-stylish-home-office-lighting-150x150.png 150w, https:\/\/blg.az\/wp-content\/uploads\/2025\/08\/vintage-yellow-desk-lamp-stylish-home-office-lighting-768x768.png 768w, https:\/\/blg.az\/wp-content\/uploads\/2025\/08\/vintage-yellow-desk-lamp-stylish-home-office-lighting-1536x1536.png 1536w, https:\/\/blg.az\/wp-content\/uploads\/2025\/08\/vintage-yellow-desk-lamp-stylish-home-office-lighting.png 2000w\" sizes=\"(max-width: 300px) 100vw, 300px\" \/><div style=\"position: absolute; top: 0; width: 250px; height: 350px; background: radial-gradient(ellipse at top, rgba(255,216,77,0.5), rgba(255,216,77,0) 70%); filter: blur(20px); z-index: 1;\">\u00a0<\/div><\/div><\/section><p><!-- ======= F\u0259aliyy\u0259t sah\u0259l\u0259ri ======= --><\/p><section id=\"services\" style=\"padding: 6rem 5%; background: #f9f9f9; font-family: 'Poppins',sans-serif;\"><h2 style=\"text-align: center; font-size: 2.5rem; font-weight: bold; color: #222; margin-bottom: 3rem;\">F\u0259aliyy\u0259t sah\u0259l\u0259rimiz<\/h2><div style=\"display: flex; flex-wrap: wrap; gap: 2rem; justify-content: center;\"><div style=\"flex: 1 1 280px; background: #fff; padding: 2.5rem 2rem; border-radius: 15px; box-shadow: 0 10px 25px rgba(0,0,0,0.08); text-align: center; transition: all .3s; cursor: pointer;\"><h3 style=\"font-size: 1.4rem; font-weight: 600; color: #222; margin-bottom: 1rem;\">\u0130n\u015faat Aksesuarlar\u0131<\/h3><p style=\"color: #555; font-size: 1rem;\">Tikinti v\u0259 t\u0259mir i\u015fl\u0259rind\u0259 istifad\u0259 olunan m\u00fcxt\u0259lif in\u015faat aksesuarlar\u0131 v\u0259 materiallar\u0131.<\/p><\/div><div style=\"flex: 1 1 280px; background: #fff; padding: 2.5rem 2rem; border-radius: 15px; box-shadow: 0 10px 25px rgba(0,0,0,0.08); text-align: center; transition: all .3s; cursor: pointer;\"><h3 style=\"font-size: 1.4rem; font-weight: 600; color: #222; margin-bottom: 1rem;\">Elektrik v\u0259 \u0130\u015f\u0131qland\u0131rma M\u0259hsullar\u0131<\/h3><p style=\"color: #555; font-size: 1rem;\">Ev, ofis v\u0259 s\u0259naye obyektl\u0259ri \u00fc\u00e7\u00fcn elektrik avadanl\u0131\u011f\u0131, kabell\u0259r v\u0259 i\u015f\u0131qland\u0131rma h\u0259ll\u0259ri.<\/p><\/div><div style=\"flex: 1 1 280px; background: #fff; padding: 2.5rem 2rem; border-radius: 15px; box-shadow: 0 10px 25px rgba(0,0,0,0.08); text-align: center; transition: all .3s; cursor: pointer;\"><h3 style=\"font-size: 1.4rem; font-weight: 600; color: #222; margin-bottom: 1rem;\">\u0130n\u015faat, Tikinti<\/h3><p style=\"color: #555; font-size: 1rem;\">\u00dcmumi in\u015faat v\u0259 tikinti layih\u0259l\u0259ri \u00fc\u00e7\u00fcn material v\u0259 xidm\u0259tl\u0259rin t\u0259min edilm\u0259si.<\/p><\/div><\/div><\/section><p><!-- ======= \u00dcst\u00fcnl\u00fckl\u0259r b\u00f6lm\u0259si ======= --><\/p><section id=\"advantages\" style=\"padding: 6rem 5%; background: #fff; font-family: 'Poppins',sans-serif;\"><h2 style=\"text-align: center; font-size: 2.5rem; font-weight: bold; color: #222; margin-bottom: 3rem;\">Niy\u0259 Biz?<\/h2><div style=\"display: flex; flex-wrap: wrap; gap: 2rem; justify-content: center;\"><div style=\"flex: 1 1 260px; background: #fff; padding: 2rem; border-radius: 15px; box-shadow: 0 10px 25px rgba(0,0,0,0.08); text-align: center; transition: all .3s; cursor: pointer;\"><h3 style=\"font-size: 1.3rem; font-weight: 600; color: #222; margin-bottom: 1rem;\">Keyfiyy\u0259tli M\u0259hsullar<\/h3><p style=\"color: #555; font-size: 1rem;\">Y\u00fcks\u0259k keyfiyy\u0259tli tikinti v\u0259 elektrik materiallar\u0131 istifad\u0259 edirik.<\/p><\/div><div style=\"flex: 1 1 260px; background: #fff; padding: 2rem; border-radius: 15px; box-shadow: 0 10px 25px rgba(0,0,0,0.08); text-align: center; transition: all .3s; cursor: pointer;\"><h3 style=\"font-size: 1.3rem; font-weight: 600; color: #222; margin-bottom: 1rem;\">M\u00fct\u0259x\u0259ssis Komanda<\/h3><p style=\"color: #555; font-size: 1rem;\">T\u0259cr\u00fcb\u0259li m\u00fch\u0259ndisl\u0259r v\u0259 sat\u0131\u015f komandas\u0131 layih\u0259l\u0259rinizi pe\u015f\u0259karl\u0131qla h\u0259yata ke\u00e7irir.<\/p><\/div><div style=\"flex: 1 1 260px; background: #fff; padding: 2rem; border-radius: 15px; box-shadow: 0 10px 25px rgba(0,0,0,0.08); text-align: center; transition: all .3s; cursor: pointer;\"><h3 style=\"font-size: 1.3rem; font-weight: 600; color: #222; margin-bottom: 1rem;\">M\u00fcasir Texnologiya<\/h3><p style=\"color: #555; font-size: 1rem;\">\u018fn son texnologiya il\u0259 enerji q\u0259na\u0259tli v\u0259 davaml\u0131 i\u015f\u0131qland\u0131rma h\u0259ll\u0259ri.<\/p><\/div><\/div><\/section><p><!-- ======= \u018flaq\u0259 b\u00f6lm\u0259si (X\u0259rit\u0259 solda, m\u0259lumatlar sa\u011fda) ======= --><\/p><section id=\"contact\" style=\"padding: 6rem 5%; background: #f9f9f9; font-family: 'Poppins',sans-serif;\"><h2 style=\"text-align: center; font-size: 2.5rem; font-weight: bold; color: #222; margin-bottom: 3rem;\">\u018flaq\u0259<\/h2><div style=\"display: flex; flex-wrap: wrap; gap: 2rem; justify-content: center; max-width: 1000px; margin: auto; align-items: center;\"><p><!-- X\u0259rit\u0259 --><\/p><div style=\"flex: 1 1 600px; height: 450px; border-radius: 15px; overflow: hidden; box-shadow: 0 10px 25px rgba(0,0,0,0.1);\"><iframe style=\"border: 0;\" src=\"https:\/\/www.google.com\/maps\/embed?pb=!1m18!1m12!1m3!1d3039.123456789!2d49.84179541509892!3d40.40926137936469!2m3!1f0!2f0!3f0!3m2!1i1024!2i768!4f13.1!3m3!1m2!1s0x40307d5c1c3e7abf%3A0x123456789abcdef!2s\u018fhm\u0259d%20R\u0259c\u0259bli%20224%2C%20Bak\u0131!5e0!3m2!1sen!2s!4v1690000000000!5m2!1sen!2s\" width=\"100%\" height=\"100%\" allowfullscreen=\"allowfullscreen\"><br \/>\n      <\/iframe><\/div><p><!-- \u018flaq\u0259 m\u0259lumatlar\u0131 --><\/p><div style=\"flex: 1 1 300px; display: flex; flex-direction: column; gap: 1.5rem; justify-content: center;\"><p><strong>\u00dcnvan:<\/strong> \u018fhm\u0259d R\u0259c\u0259bli 224, Bak\u0131<\/p><p><strong>Telefon:<\/strong> +994 55 879 3969<\/p><p><strong>Email:<\/strong> <a style=\"color: #ffd84d; text-decoration: none;\" href=\"mailto:info@blg.az\">info@blg.az<\/a><\/p><\/div><\/div><\/section>\t\t\t\t\t\t\t\t<\/div>\n\t\t\t\t\t<\/div>\n\t\t\t\t<\/div>\n\t\t\t\t<\/div>\n\t\t","protected":false},"excerpt":{"rendered":"<p>G\u00f6z\u00fcn\u00fcz Ayd\u0131n Olsun! Building Lighting Group \u2014 Tikinti v\u0259 elektrik materiallar\u0131n\u0131n sat\u0131\u015f\u0131nda keyfiyy\u0259t v\u0259 m\u00fcasir texnologiya. F\u0259aliyy\u0259t sah\u0259l\u0259rimiz \u00a0 F\u0259aliyy\u0259t sah\u0259l\u0259rimiz \u0130n\u015faat Aksesuarlar\u0131 Tikinti v\u0259 t\u0259mir i\u015fl\u0259rind\u0259 istifad\u0259 olunan m\u00fcxt\u0259lif in\u015faat aksesuarlar\u0131 v\u0259 materiallar\u0131. Elektrik v\u0259 \u0130\u015f\u0131qland\u0131rma M\u0259hsullar\u0131 Ev, ofis v\u0259 s\u0259naye obyektl\u0259ri \u00fc\u00e7\u00fcn elektrik avadanl\u0131\u011f\u0131, kabell\u0259r v\u0259 i\u015f\u0131qland\u0131rma h\u0259ll\u0259ri. \u0130n\u015faat, Tikinti \u00dcmumi in\u015faat v\u0259&hellip;&nbsp;<\/p>\n","protected":false},"author":1,"featured_media":0,"parent":0,"menu_order":0,"comment_status":"closed","ping_status":"closed","template":"","meta":{"_acf_changed":false,"neve_meta_sidebar":"","neve_meta_container":"","neve_meta_enable_content_width":"","neve_meta_content_width":0,"neve_meta_title_alignment":"","neve_meta_author_avatar":"","neve_post_elements_order":"","neve_meta_disable_header":"","neve_meta_disable_footer":"","neve_meta_disable_title":"","footnotes":""},"class_list":["post-18","page","type-page","status-publish","hentry"],"acf":[],"yoast_head":"<!-- This site is optimized with the Yoast SEO plugin v27.4 - https:\/\/yoast.com\/product\/yoast-seo-wordpress\/ -->\n<title>- Building Lighting Group<\/title>\n<meta name=\"robots\" content=\"index, follow, max-snippet:-1, max-image-preview:large, max-video-preview:-1\" \/>\n<link rel=\"canonical\" href=\"https:\/\/blg.az\/\" \/>\n<meta property=\"og:locale\" content=\"az_AZ\" \/>\n<meta property=\"og:type\" content=\"article\" \/>\n<meta property=\"og:title\" content=\"- Building Lighting Group\" \/>\n<meta property=\"og:description\" content=\"G\u00f6z\u00fcn\u00fcz Ayd\u0131n Olsun! Building Lighting Group \u2014 Tikinti v\u0259 elektrik materiallar\u0131n\u0131n sat\u0131\u015f\u0131nda keyfiyy\u0259t v\u0259 m\u00fcasir texnologiya. F\u0259aliyy\u0259t sah\u0259l\u0259rimiz \u00a0 F\u0259aliyy\u0259t sah\u0259l\u0259rimiz \u0130n\u015faat Aksesuarlar\u0131 Tikinti v\u0259 t\u0259mir i\u015fl\u0259rind\u0259 istifad\u0259 olunan m\u00fcxt\u0259lif in\u015faat aksesuarlar\u0131 v\u0259 materiallar\u0131. Elektrik v\u0259 \u0130\u015f\u0131qland\u0131rma M\u0259hsullar\u0131 Ev, ofis v\u0259 s\u0259naye obyektl\u0259ri \u00fc\u00e7\u00fcn elektrik avadanl\u0131\u011f\u0131, kabell\u0259r v\u0259 i\u015f\u0131qland\u0131rma h\u0259ll\u0259ri. \u0130n\u015faat, Tikinti \u00dcmumi in\u015faat v\u0259&hellip;&nbsp;\" \/>\n<meta property=\"og:url\" content=\"https:\/\/blg.az\/\" \/>\n<meta property=\"og:site_name\" content=\"Building Lighting Group\" \/>\n<meta property=\"article:modified_time\" content=\"2025-08-26T14:30:30+00:00\" \/>\n<meta property=\"og:image\" content=\"https:\/\/blg.az\/wp-content\/uploads\/2025\/08\/vintage-yellow-desk-lamp-stylish-home-office-lighting.png\" \/>\n\t<meta property=\"og:image:width\" content=\"2000\" \/>\n\t<meta property=\"og:image:height\" content=\"2000\" \/>\n\t<meta property=\"og:image:type\" content=\"image\/png\" \/>\n<meta name=\"twitter:card\" content=\"summary_large_image\" \/>\n<meta name=\"twitter:label1\" content=\"Est. reading time\" \/>\n\t<meta name=\"twitter:data1\" content=\"1 minute\" \/>\n<script type=\"application\/ld+json\" class=\"yoast-schema-graph\">{\"@context\":\"https:\\\/\\\/schema.org\",\"@graph\":[{\"@type\":\"WebPage\",\"@id\":\"https:\\\/\\\/blg.az\\\/\",\"url\":\"https:\\\/\\\/blg.az\\\/\",\"name\":\"- Building Lighting Group\",\"isPartOf\":{\"@id\":\"https:\\\/\\\/blg.az\\\/#website\"},\"primaryImageOfPage\":{\"@id\":\"https:\\\/\\\/blg.az\\\/#primaryimage\"},\"image\":{\"@id\":\"https:\\\/\\\/blg.az\\\/#primaryimage\"},\"thumbnailUrl\":\"https:\\\/\\\/blg.az\\\/wp-content\\\/uploads\\\/2025\\\/08\\\/vintage-yellow-desk-lamp-stylish-home-office-lighting-300x300.png\",\"datePublished\":\"2025-08-20T14:05:08+00:00\",\"dateModified\":\"2025-08-26T14:30:30+00:00\",\"inLanguage\":\"az\",\"potentialAction\":[{\"@type\":\"ReadAction\",\"target\":[\"https:\\\/\\\/blg.az\\\/\"]}]},{\"@type\":\"ImageObject\",\"inLanguage\":\"az\",\"@id\":\"https:\\\/\\\/blg.az\\\/#primaryimage\",\"url\":\"https:\\\/\\\/blg.az\\\/wp-content\\\/uploads\\\/2025\\\/08\\\/vintage-yellow-desk-lamp-stylish-home-office-lighting.png\",\"contentUrl\":\"https:\\\/\\\/blg.az\\\/wp-content\\\/uploads\\\/2025\\\/08\\\/vintage-yellow-desk-lamp-stylish-home-office-lighting.png\",\"width\":2000,\"height\":2000},{\"@type\":\"WebSite\",\"@id\":\"https:\\\/\\\/blg.az\\\/#website\",\"url\":\"https:\\\/\\\/blg.az\\\/\",\"name\":\"Building Lighting Group\",\"description\":\"\",\"publisher\":{\"@id\":\"https:\\\/\\\/blg.az\\\/#organization\"},\"potentialAction\":[{\"@type\":\"SearchAction\",\"target\":{\"@type\":\"EntryPoint\",\"urlTemplate\":\"https:\\\/\\\/blg.az\\\/?s={search_term_string}\"},\"query-input\":{\"@type\":\"PropertyValueSpecification\",\"valueRequired\":true,\"valueName\":\"search_term_string\"}}],\"inLanguage\":\"az\"},{\"@type\":\"Organization\",\"@id\":\"https:\\\/\\\/blg.az\\\/#organization\",\"name\":\"Building Lighting Group\",\"url\":\"https:\\\/\\\/blg.az\\\/\",\"logo\":{\"@type\":\"ImageObject\",\"inLanguage\":\"az\",\"@id\":\"https:\\\/\\\/blg.az\\\/#\\\/schema\\\/logo\\\/image\\\/\",\"url\":\"https:\\\/\\\/blg.az\\\/wp-content\\\/uploads\\\/2025\\\/08\\\/cropped-logo_d.png\",\"contentUrl\":\"https:\\\/\\\/blg.az\\\/wp-content\\\/uploads\\\/2025\\\/08\\\/cropped-logo_d.png\",\"width\":557,\"height\":330,\"caption\":\"Building Lighting Group\"},\"image\":{\"@id\":\"https:\\\/\\\/blg.az\\\/#\\\/schema\\\/logo\\\/image\\\/\"},\"sameAs\":[\"https:\\\/\\\/www.instagram.com\\\/blg_mmc\\\/\"]}]}<\/script>\n<!-- \/ Yoast SEO plugin. -->","yoast_head_json":{"title":"- Building Lighting Group","robots":{"index":"index","follow":"follow","max-snippet":"max-snippet:-1","max-image-preview":"max-image-preview:large","max-video-preview":"max-video-preview:-1"},"canonical":"https:\/\/blg.az\/","og_locale":"az_AZ","og_type":"article","og_title":"- Building Lighting Group","og_description":"G\u00f6z\u00fcn\u00fcz Ayd\u0131n Olsun! Building Lighting Group \u2014 Tikinti v\u0259 elektrik materiallar\u0131n\u0131n sat\u0131\u015f\u0131nda keyfiyy\u0259t v\u0259 m\u00fcasir texnologiya. F\u0259aliyy\u0259t sah\u0259l\u0259rimiz \u00a0 F\u0259aliyy\u0259t sah\u0259l\u0259rimiz \u0130n\u015faat Aksesuarlar\u0131 Tikinti v\u0259 t\u0259mir i\u015fl\u0259rind\u0259 istifad\u0259 olunan m\u00fcxt\u0259lif in\u015faat aksesuarlar\u0131 v\u0259 materiallar\u0131. Elektrik v\u0259 \u0130\u015f\u0131qland\u0131rma M\u0259hsullar\u0131 Ev, ofis v\u0259 s\u0259naye obyektl\u0259ri \u00fc\u00e7\u00fcn elektrik avadanl\u0131\u011f\u0131, kabell\u0259r v\u0259 i\u015f\u0131qland\u0131rma h\u0259ll\u0259ri. \u0130n\u015faat, Tikinti \u00dcmumi in\u015faat v\u0259&hellip;&nbsp;","og_url":"https:\/\/blg.az\/","og_site_name":"Building Lighting Group","article_modified_time":"2025-08-26T14:30:30+00:00","og_image":[{"width":2000,"height":2000,"url":"https:\/\/blg.az\/wp-content\/uploads\/2025\/08\/vintage-yellow-desk-lamp-stylish-home-office-lighting.png","type":"image\/png"}],"twitter_card":"summary_large_image","twitter_misc":{"Est. reading time":"1 minute"},"schema":{"@context":"https:\/\/schema.org","@graph":[{"@type":"WebPage","@id":"https:\/\/blg.az\/","url":"https:\/\/blg.az\/","name":"- Building Lighting Group","isPartOf":{"@id":"https:\/\/blg.az\/#website"},"primaryImageOfPage":{"@id":"https:\/\/blg.az\/#primaryimage"},"image":{"@id":"https:\/\/blg.az\/#primaryimage"},"thumbnailUrl":"https:\/\/blg.az\/wp-content\/uploads\/2025\/08\/vintage-yellow-desk-lamp-stylish-home-office-lighting-300x300.png","datePublished":"2025-08-20T14:05:08+00:00","dateModified":"2025-08-26T14:30:30+00:00","inLanguage":"az","potentialAction":[{"@type":"ReadAction","target":["https:\/\/blg.az\/"]}]},{"@type":"ImageObject","inLanguage":"az","@id":"https:\/\/blg.az\/#primaryimage","url":"https:\/\/blg.az\/wp-content\/uploads\/2025\/08\/vintage-yellow-desk-lamp-stylish-home-office-lighting.png","contentUrl":"https:\/\/blg.az\/wp-content\/uploads\/2025\/08\/vintage-yellow-desk-lamp-stylish-home-office-lighting.png","width":2000,"height":2000},{"@type":"WebSite","@id":"https:\/\/blg.az\/#website","url":"https:\/\/blg.az\/","name":"Building Lighting Group","description":"","publisher":{"@id":"https:\/\/blg.az\/#organization"},"potentialAction":[{"@type":"SearchAction","target":{"@type":"EntryPoint","urlTemplate":"https:\/\/blg.az\/?s={search_term_string}"},"query-input":{"@type":"PropertyValueSpecification","valueRequired":true,"valueName":"search_term_string"}}],"inLanguage":"az"},{"@type":"Organization","@id":"https:\/\/blg.az\/#organization","name":"Building Lighting Group","url":"https:\/\/blg.az\/","logo":{"@type":"ImageObject","inLanguage":"az","@id":"https:\/\/blg.az\/#\/schema\/logo\/image\/","url":"https:\/\/blg.az\/wp-content\/uploads\/2025\/08\/cropped-logo_d.png","contentUrl":"https:\/\/blg.az\/wp-content\/uploads\/2025\/08\/cropped-logo_d.png","width":557,"height":330,"caption":"Building Lighting Group"},"image":{"@id":"https:\/\/blg.az\/#\/schema\/logo\/image\/"},"sameAs":["https:\/\/www.instagram.com\/blg_mmc\/"]}]}},"_links":{"self":[{"href":"https:\/\/blg.az\/index.php?rest_route=\/wp\/v2\/pages\/18","targetHints":{"allow":["GET"]}}],"collection":[{"href":"https:\/\/blg.az\/index.php?rest_route=\/wp\/v2\/pages"}],"about":[{"href":"https:\/\/blg.az\/index.php?rest_route=\/wp\/v2\/types\/page"}],"author":[{"embeddable":true,"href":"https:\/\/blg.az\/index.php?rest_route=\/wp\/v2\/users\/1"}],"replies":[{"embeddable":true,"href":"https:\/\/blg.az\/index.php?rest_route=%2Fwp%2Fv2%2Fcomments&post=18"}],"version-history":[{"count":9,"href":"https:\/\/blg.az\/index.php?rest_route=\/wp\/v2\/pages\/18\/revisions"}],"predecessor-version":[{"id":53,"href":"https:\/\/blg.az\/index.php?rest_route=\/wp\/v2\/pages\/18\/revisions\/53"}],"wp:attachment":[{"href":"https:\/\/blg.az\/index.php?rest_route=%2Fwp%2Fv2%2Fmedia&parent=18"}],"curies":[{"name":"wp","href":"https:\/\/api.w.org\/{rel}","templated":true}]}}